{"id":16,"date":"2017-01-05T21:38:49","date_gmt":"2017-01-05T20:38:49","guid":{"rendered":"http:\/\/www.familie-dillmann.de\/?page_id=16"},"modified":"2017-01-23T16:16:19","modified_gmt":"2017-01-23T15:16:19","slug":"pferde","status":"publish","type":"page","link":"http:\/\/www.familie-dillmann.de\/?page_id=16","title":{"rendered":"Unsere Pferde"},"content":{"rendered":"<p><img loading=\"lazy\" decoding=\"async\" class=\"size-medium wp-image-26 aligncenter\" src=\"http:\/\/www.familie-dillmann.de\/wp-content\/uploads\/2017\/01\/IMG_6906-300x225.jpg\" alt=\"\" width=\"300\" height=\"225\" srcset=\"http:\/\/www.familie-dillmann.de\/wp-content\/uploads\/2017\/01\/IMG_6906-300x225.jpg 300w, http:\/\/www.familie-dillmann.de\/wp-content\/uploads\/2017\/01\/IMG_6906-768x576.jpg 768w, http:\/\/www.familie-dillmann.de\/wp-content\/uploads\/2017\/01\/IMG_6906-1024x768.jpg 1024w, http:\/\/www.familie-dillmann.de\/wp-content\/uploads\/2017\/01\/IMG_6906-900x675.jpg 900w, http:\/\/www.familie-dillmann.de\/wp-content\/uploads\/2017\/01\/IMG_6906-1280x960.jpg 1280w\" sizes=\"auto, (max-width: 300px) 100vw, 300px\" \/><\/p>\n<p>Rica, Max, Schn\u00e4uzchen und April (von rechts) entspannt im Paddock<\/p>\n<p>&nbsp;<\/p>\n<p><a href=\"http:\/\/www.familie-dillmann.de\/?page_id=51\">&gt; Kleiner, aber feiner Offenstall<\/a><\/p>\n<p><a href=\"http:\/\/www.familie-dillmann.de\/?page_id=34\">&gt; Rica, die Chefin der Herde<\/a><\/p>\n<p><a href=\"http:\/\/www.familie-dillmann.de\/?page_id=37\">&gt; April, eine t\u00e4gliche Herausforderung<\/a><\/p>\n<p><a href=\"http:\/\/www.familie-dillmann.de\/?page_id=47\">&gt; Schn\u00e4uzchen, unser cleveres Muli<\/a><\/p>\n<p><a href=\"http:\/\/www.familie-dillmann.de\/?page_id=49\">&gt; M\u00e4xchen, der kleine Schimmel<\/a><\/p>\n<p><a href=\"http:\/\/www.familie-dillmann.de\/?page_id=148\">&gt; Boro, ein ruhiger Zeitgenosse<\/a><\/p>\n<p><a href=\"http:\/\/www.familie-dillmann.de\/?page_id=45\">&gt; Chico, er war so ein feiner Kerl!<\/a><\/p>\n<p><a href=\"http:\/\/www.familie-dillmann.de\/?page_id=178\">&gt; Parelli Natural Horsemanship<\/a><\/p>\n<p>&nbsp;<\/p>\n<p>&nbsp;<\/p>\n","protected":false},"excerpt":{"rendered":"<p>Rica, Max, Schn\u00e4uzchen und April (von rechts) entspannt im Paddock &nbsp; &gt; Kleiner, aber feiner Offenstall &gt; Rica, die Chefin der Herde &gt; April, eine t\u00e4gliche Herausforderung &gt; Schn\u00e4uzchen, unser cleveres Muli &gt; M\u00e4xchen, der kleine Schimmel &gt; Boro, ein ruhiger Zeitgenosse &gt; Chico, er war so ein feiner Kerl! &gt; Parelli Natural Horsemanship &nbsp; [&hellip;]<\/p>\n","protected":false},"author":2,"featured_media":147,"parent":0,"menu_order":0,"comment_status":"closed","ping_status":"closed","template":"","meta":{"footnotes":""},"class_list":["post-16","page","type-page","status-publish","has-post-thumbnail","hentry"],"_links":{"self":[{"href":"http:\/\/www.familie-dillmann.de\/index.php?rest_route=\/wp\/v2\/pages\/16","targetHints":{"allow":["GET"]}}],"collection":[{"href":"http:\/\/www.familie-dillmann.de\/index.php?rest_route=\/wp\/v2\/pages"}],"about":[{"href":"http:\/\/www.familie-dillmann.de\/index.php?rest_route=\/wp\/v2\/types\/page"}],"author":[{"embeddable":true,"href":"http:\/\/www.familie-dillmann.de\/index.php?rest_route=\/wp\/v2\/users\/2"}],"replies":[{"embeddable":true,"href":"http:\/\/www.familie-dillmann.de\/index.php?rest_route=%2Fwp%2Fv2%2Fcomments&post=16"}],"version-history":[{"count":11,"href":"http:\/\/www.familie-dillmann.de\/index.php?rest_route=\/wp\/v2\/pages\/16\/revisions"}],"predecessor-version":[{"id":180,"href":"http:\/\/www.familie-dillmann.de\/index.php?rest_route=\/wp\/v2\/pages\/16\/revisions\/180"}],"wp:featuredmedia":[{"embeddable":true,"href":"http:\/\/www.familie-dillmann.de\/index.php?rest_route=\/wp\/v2\/media\/147"}],"wp:attachment":[{"href":"http:\/\/www.familie-dillmann.de\/index.php?rest_route=%2Fwp%2Fv2%2Fmedia&parent=16"}],"curies":[{"name":"wp","href":"https:\/\/api.w.org\/{rel}","templated":true}]}}